{"id":1792,"date":"2020-12-01T15:52:13","date_gmt":"2020-12-01T14:52:13","guid":{"rendered":"http:\/\/www.paloalto-frenchband.fr\/?page_id=1792"},"modified":"2023-12-16T15:26:51","modified_gmt":"2023-12-16T14:26:51","slug":"about","status":"publish","type":"page","link":"https:\/\/www.paloalto-frenchband.fr\/index.php\/about\/","title":{"rendered":"ABOUT"},"content":{"rendered":"<p>[et_pb_section fb_built=&#8221;1&#8243; module_id=&#8221;contenedor&#8221; _builder_version=&#8221;4.6.5&#8243; _module_preset=&#8221;default&#8221; custom_padding=&#8221;0px||0px|||&#8221; locked=&#8221;off&#8221; collapsed=&#8221;off&#8221;][et_pb_row column_structure=&#8221;1_2,1_2&#8243; use_custom_gutter=&#8221;on&#8221; make_equal=&#8221;on&#8221; admin_label=&#8221;Page 01&#8243; module_class=&#8221;fila&#8221; _builder_version=&#8221;4.6.5&#8243; _module_preset=&#8221;default&#8221; width=&#8221;100%&#8221; max_width=&#8221;100%&#8221; min_height=&#8221;90vh&#8221; height=&#8221;89vh&#8221; height_tablet=&#8221;&#8221; height_phone=&#8221;&#8221; height_last_edited=&#8221;on|desktop&#8221; max_height=&#8221;89vh&#8221; custom_padding=&#8221;0px||0px||true|true&#8221; background_last_edited=&#8221;on|desktop&#8221; collapsed=&#8221;off&#8221;][et_pb_column type=&#8221;1_2&#8243; _builder_version=&#8221;4.6.5&#8243; _module_preset=&#8221;default&#8221; background_image=&#8221;http:\/\/www.paloalto-frenchband.fr\/wp-content\/uploads\/2020\/11\/PaloAlto-Photo2cLoeizaJacq.jpg&#8221; custom_padding=&#8221;0vh|0vh|0vh|0vh|false|false&#8221; custom_padding_tablet=&#8221;||58vh||false|true&#8221; custom_padding_phone=&#8221;||36vh||false|false&#8221; custom_padding_last_edited=&#8221;on|tablet&#8221; background_last_edited=&#8221;on|phone&#8221; background_image_tablet=&#8221;http:\/\/www.paloalto-frenchband.fr\/wp-content\/uploads\/2020\/11\/labelA.jpg&#8221; background_image_phone=&#8221;http:\/\/www.paloalto-frenchband.fr\/wp-content\/uploads\/2020\/11\/labelA.jpg&#8221; background_enable_image_tablet=&#8221;on&#8221; background_enable_image_phone=&#8221;on&#8221; parallax_tablet=&#8221;off&#8221; title_text_phone=&#8221;labelA&#8221; title_text_tablet=&#8221;labelA&#8221;][\/et_pb_column][et_pb_column type=&#8221;1_2&#8243; _builder_version=&#8221;4.6.5&#8243; _module_preset=&#8221;default&#8221; custom_padding=&#8221;5%|5%|5%|5%|true|true&#8221;][et_pb_text admin_label=&#8221;Bandeau&#8221; _builder_version=&#8221;4.6.5&#8243; _module_preset=&#8221;default&#8221; header_4_font_size=&#8221;2.4vh&#8221; header_4_line_height=&#8221;105%&#8221; header_6_font_size=&#8221;0.5vh&#8221; header_6_line_height=&#8221;100%&#8221; custom_margin=&#8221;||3vh||false|false&#8221; header_4_font_size_tablet=&#8221;3.2vw&#8221; header_4_font_size_phone=&#8221;1.8em&#8221; header_4_font_size_last_edited=&#8221;on|phone&#8221; header_6_font_size_tablet=&#8221;1vw&#8221; header_6_font_size_phone=&#8221;0.3em&#8221; header_6_font_size_last_edited=&#8221;on|phone&#8221; locked=&#8221;off&#8221;]<\/p>\n<h6 class=\"western\" style=\"margin-bottom: 0cm; orphans: 0; widows: 0;\" align=\"justify\"><span style=\"font-size: medium;\" size=\"3\"><span lang=\"en-US\">ABOUT FRENCH BAND<\/span><\/span><span style=\"font-size: medium;\" size=\"3\"><span lang=\"en-US\"><b> PALO ALTO<br \/> <\/b><\/span><\/span><\/h6>\n<p>[\/et_pb_text][et_pb_text _builder_version=&#8221;4.6.5&#8243; _module_preset=&#8221;default&#8221; text_font_size=&#8221;2vh&#8221; text_line_height=&#8221;120%&#8221; header_4_font_size=&#8221;2.5vh&#8221; header_4_line_height=&#8221;105%&#8221; background_color=&#8221;rgba(0,0,0,0)&#8221; custom_margin=&#8221;||||false|false&#8221; text_font_size_tablet=&#8221;2.4vw&#8221; text_font_size_phone=&#8221;1.2em&#8221; text_font_size_last_edited=&#8221;on|phone&#8221; header_4_font_size_tablet=&#8221;3.2vw&#8221; header_4_font_size_phone=&#8221;1.3em&#8221; header_4_font_size_last_edited=&#8221;on|tablet&#8221; locked=&#8221;off&#8221;]<\/p>\n<h4 style=\"text-align: left;\">PALO ALTO is a French group formed in Paris (France) in 1989 by Jacques Barb\u00e9ri, Denis Frajerman, Philippe Masson and Philippe Perreaudin. In their early interviews the group insisted on their musical filiation with Tuxedomoon, and on drawing their inspiration from Made to Measure, a Crammed Discs label. They would later make explicit their interest in bands such as Art Zoyd, The Legendary Pink Dots, Coil, The Residents, Can or Cabaret Voltaire. Science fiction in all its forms (literature, cinema, illustrations, etc.) is a leitmotiv in the group\u2019s work.<\/h4>\n<p><strong><span style=\"text-decoration: underline;\"><\/span><\/strong><\/p>\n<p><strong><span style=\"text-decoration: underline;\">THE 1990s<\/span><\/strong><\/p>\n<p>In 1990 Palo Alto released their cassette tape, Le clos, on the Italian label Old Europa Caf\u00e9. At the time their music was definitely written rather than improvised, consisting mainly of instrumentals with a stress on melody.<br \/> With the release of their first album, Grands succ\u00e9dan\u00e9s (1992), improvisation made its appearance and would be the direction taken by the band in the years to come, as evidenced on the Trash et art\u00e8res album (1994). It was not before 1997 and their Le disque dur album that they reverted to written music.<br \/> The year 1997 was a time of transition for the group: Philippe Masson (clarinet) left and there was a shift toward a \u2018variable geometry group.\u2019 Then Palo Alto went for a looser structure, allowing the three remaining members to work in small units, even to embark on solo ventures. From 1998 on their projects and collaborations (Laurent Pernice, Eric Roger \/ Gae Bolg, Rhys Chatham, etc.) increased in number.<\/p>\n<p>[\/et_pb_text][et_pb_code _builder_version=&#8221;4.6.5&#8243; _module_preset=&#8221;default&#8221; locked=&#8221;off&#8221;]<script type=\"text\/javascript\" src=\"https:\/\/cdnjs.cloudflare.com\/ajax\/libs\/skrollr\/0.6.30\/skrollr.min.js\"><\/script><!-- [et_pb_line_break_holder] --><!-- [et_pb_line_break_holder] --><script><!-- [et_pb_line_break_holder] -->jQuery(function($){<!-- [et_pb_line_break_holder] -->$( \"#contenedor\" ).attr( \"data-0\", \"transform:translateX(0%)\" );<!-- [et_pb_line_break_holder] -->$( \"#contenedor\" ).attr( \"data-4000\", \"transform:translateX(-400%)\" );<!-- [et_pb_line_break_holder] -->});<!-- [et_pb_line_break_holder] --><\/script><!-- [et_pb_line_break_holder] --><!-- [et_pb_line_break_holder] --><script><!-- [et_pb_line_break_holder] -->(function($){<!-- [et_pb_line_break_holder] -->$(document).ready(function() {<!-- [et_pb_line_break_holder] -->skrollr.init();<!-- [et_pb_line_break_holder] -->if( \/Android|webOS|iPhone|iPad|iPod|BlackBerry|IEMobile|Opera Mini\/i.test(navigator.userAgent) ) {<!-- [et_pb_line_break_holder] -->skrollr.init().destroy();<!-- [et_pb_line_break_holder] -->}<!-- [et_pb_line_break_holder] -->});<!-- [et_pb_line_break_holder] -->})(jQuery)<!-- [et_pb_line_break_holder] --><\/script>[\/et_pb_code][\/et_pb_column][\/et_pb_row][et_pb_row column_structure=&#8221;1_2,1_2&#8243; use_custom_gutter=&#8221;on&#8221; make_equal=&#8221;on&#8221; admin_label=&#8221;Page 02&#8243; module_class=&#8221;fila&#8221; _builder_version=&#8221;4.6.5&#8243; _module_preset=&#8221;default&#8221; width=&#8221;100%&#8221; max_width=&#8221;100%&#8221; min_height=&#8221;90vh&#8221; height=&#8221;89vh&#8221; height_tablet=&#8221;&#8221; height_phone=&#8221;&#8221; height_last_edited=&#8221;on|desktop&#8221; max_height=&#8221;89vh&#8221; custom_padding=&#8221;0px||0px||true|true&#8221; background_last_edited=&#8221;on|desktop&#8221; collapsed=&#8221;off&#8221;][et_pb_column type=&#8221;1_2&#8243; _builder_version=&#8221;4.6.5&#8243; _module_preset=&#8221;default&#8221; background_image=&#8221;http:\/\/www.paloalto-frenchband.fr\/wp-content\/uploads\/2020\/11\/labelD.jpg&#8221; custom_padding=&#8221;0vh|0vh|0vh|0vh|false|false&#8221; custom_padding_tablet=&#8221;||58vh||false|true&#8221; custom_padding_phone=&#8221;||36vh||false|false&#8221; custom_padding_last_edited=&#8221;on|tablet&#8221; background_last_edited=&#8221;on|phone&#8221; background_image_tablet=&#8221;http:\/\/www.paloalto-frenchband.fr\/wp-content\/uploads\/2020\/11\/labelA.jpg&#8221; background_image_phone=&#8221;http:\/\/www.paloalto-frenchband.fr\/wp-content\/uploads\/2020\/11\/labelA.jpg&#8221; background_enable_image_tablet=&#8221;on&#8221; background_enable_image_phone=&#8221;on&#8221; parallax_tablet=&#8221;off&#8221; title_text_phone=&#8221;labelA&#8221; title_text_tablet=&#8221;labelA&#8221;][\/et_pb_column][et_pb_column type=&#8221;1_2&#8243; _builder_version=&#8221;4.6.5&#8243; _module_preset=&#8221;default&#8221; custom_padding=&#8221;5%|5%|5%|5%|true|true&#8221;][et_pb_text _builder_version=&#8221;4.6.5&#8243; _module_preset=&#8221;default&#8221; text_font_size=&#8221;2vh&#8221; text_line_height=&#8221;120%&#8221; header_4_font_size=&#8221;2.5vh&#8221; header_4_line_height=&#8221;105%&#8221; background_color=&#8221;rgba(0,0,0,0)&#8221; custom_margin=&#8221;||||false|false&#8221; text_font_size_tablet=&#8221;2.4vw&#8221; text_font_size_phone=&#8221;1.2em&#8221; text_font_size_last_edited=&#8221;on|phone&#8221; header_4_font_size_tablet=&#8221;3.2vw&#8221; header_4_font_size_phone=&#8221;1.3em&#8221; header_4_font_size_last_edited=&#8221;on|tablet&#8221; locked=&#8221;off&#8221;]<\/p>\n<p><strong><span style=\"text-decoration: underline;\">THE 2000s<\/span><\/strong><\/p>\n<p>Palo Alto began the 2000s with an album of remixes (Norscq, Laurent Pernice, Phil Von, etc.). In 2003 the group founded Halte Aux Records !, a label devoted to releasing both their archives material and reissues of pioneers of the French experimental scene from the 1980s (Pt\u00f4se, Un D\u00e9partment, The Grief). In June of the same year Palo Alto were back on stage in Toulouse, viewing the experience as a new departure. It was also their chance to see that their new electronic music direction worked well in a live context. The style changed, industrial music influences resurfaced and were fully accepted. The use of video projections became systematic on live dates and texts played a increasing role. It must be said that the group has always been very influenced by some writers, and references to Antoine Volodine, Thomas Pynchon, Philip K. Dick or J. G. Ballard are not rare within their discography. The texts of Jacques Barb\u00e9ri\u2014who is also a science fiction writer\u2014are now an integral part of the band\u2019s work.\u2028Projects from 2004 and 2005 were carried out in 2006: a contribution to an album of covers of the English band Coil on Rotorelief, a Toulouse label; a CD-book about \u201cLimite\u201d, a literary group (published by La Volte); an album of Tuxedomoon covers produced by Philippe Perreaudin on the Optical Sound label (featuring Scanner, Ramuntcho Matta, Simon Fisher Turner, etc.); and the Fais voile vers le soleil show that premiered on November 2 at the Lieu Unique in Nantes.<br \/> In 2007 Palo Alto released Mondocane, an album co-written with Klimperei, on the US label AcidSoxx Musicks. The group played in Rennes and in Paris, where they hadn\u2019t performed for a long time.\u2028The year 2008 began with the release of Terminal sid\u00e9ral, a live album coupled with a DVD collecting videos directed by Gilles Benejam.<\/p>\n<p>[\/et_pb_text][et_pb_code _builder_version=&#8221;4.6.5&#8243; _module_preset=&#8221;default&#8221; locked=&#8221;off&#8221;]<script type=\"text\/javascript\" src=\"https:\/\/cdnjs.cloudflare.com\/ajax\/libs\/skrollr\/0.6.30\/skrollr.min.js\"><\/script><!-- [et_pb_line_break_holder] --><!-- [et_pb_line_break_holder] --><script><!-- [et_pb_line_break_holder] -->jQuery(function($){<!-- [et_pb_line_break_holder] -->$( \"#contenedor\" ).attr( \"data-0\", \"transform:translateX(0%)\" );<!-- [et_pb_line_break_holder] -->$( \"#contenedor\" ).attr( \"data-4000\", \"transform:translateX(-400%)\" );<!-- [et_pb_line_break_holder] -->});<!-- [et_pb_line_break_holder] --><\/script><!-- [et_pb_line_break_holder] --><!-- [et_pb_line_break_holder] --><script><!-- [et_pb_line_break_holder] -->(function($){<!-- [et_pb_line_break_holder] -->$(document).ready(function() {<!-- [et_pb_line_break_holder] -->skrollr.init();<!-- [et_pb_line_break_holder] -->if( \/Android|webOS|iPhone|iPad|iPod|BlackBerry|IEMobile|Opera Mini\/i.test(navigator.userAgent) ) {<!-- [et_pb_line_break_holder] -->skrollr.init().destroy();<!-- [et_pb_line_break_holder] -->}<!-- [et_pb_line_break_holder] -->});<!-- [et_pb_line_break_holder] -->})(jQuery)<!-- [et_pb_line_break_holder] --><\/script>[\/et_pb_code][\/et_pb_column][\/et_pb_row][et_pb_row column_structure=&#8221;1_2,1_2&#8243; use_custom_gutter=&#8221;on&#8221; make_equal=&#8221;on&#8221; admin_label=&#8221;Page 03&#8243; module_class=&#8221;fila&#8221; _builder_version=&#8221;4.6.5&#8243; _module_preset=&#8221;default&#8221; width=&#8221;100%&#8221; max_width=&#8221;100%&#8221; min_height=&#8221;90vh&#8221; height=&#8221;89vh&#8221; height_tablet=&#8221;&#8221; height_phone=&#8221;&#8221; height_last_edited=&#8221;on|desktop&#8221; max_height=&#8221;89vh&#8221; custom_padding=&#8221;0px||0px||true|true&#8221; background_last_edited=&#8221;on|desktop&#8221; collapsed=&#8221;off&#8221;][et_pb_column type=&#8221;1_2&#8243; _builder_version=&#8221;4.6.5&#8243; _module_preset=&#8221;default&#8221; background_image=&#8221;http:\/\/www.paloalto-frenchband.fr\/wp-content\/uploads\/2020\/11\/PaloAlto-Photo3cLoeizaJacq.png&#8221; custom_padding=&#8221;0vh|0vh|0vh|0vh|false|false&#8221; custom_padding_tablet=&#8221;||58vh||false|true&#8221; custom_padding_phone=&#8221;||36vh||false|false&#8221; custom_padding_last_edited=&#8221;on|tablet&#8221; background_last_edited=&#8221;on|phone&#8221; background_image_tablet=&#8221;http:\/\/www.paloalto-frenchband.fr\/wp-content\/uploads\/2020\/11\/labelA.jpg&#8221; background_image_phone=&#8221;http:\/\/www.paloalto-frenchband.fr\/wp-content\/uploads\/2020\/11\/labelA.jpg&#8221; background_enable_image_tablet=&#8221;on&#8221; background_enable_image_phone=&#8221;on&#8221; parallax_tablet=&#8221;off&#8221; title_text_phone=&#8221;labelA&#8221; title_text_tablet=&#8221;labelA&#8221;][\/et_pb_column][et_pb_column type=&#8221;1_2&#8243; _builder_version=&#8221;4.6.5&#8243; _module_preset=&#8221;default&#8221; custom_padding=&#8221;5%|5%|5%|5%|true|true&#8221;][et_pb_text _builder_version=&#8221;4.6.5&#8243; _module_preset=&#8221;default&#8221; text_font_size=&#8221;2vh&#8221; text_line_height=&#8221;120%&#8221; header_4_font_size=&#8221;2.5vh&#8221; header_4_line_height=&#8221;105%&#8221; background_color=&#8221;rgba(0,0,0,0)&#8221; custom_margin=&#8221;||||false|false&#8221; text_font_size_tablet=&#8221;2.4vw&#8221; text_font_size_phone=&#8221;1.2em&#8221; text_font_size_last_edited=&#8221;on|phone&#8221; header_4_font_size_tablet=&#8221;3.2vw&#8221; header_4_font_size_phone=&#8221;1.3em&#8221; header_4_font_size_last_edited=&#8221;on|tablet&#8221; locked=&#8221;off&#8221;]<\/p>\n<p>On its day of release Palo Alto gave a concert in Brussels; in the fall they were invited to the L\u2019\u00c9trange Musique festival. The year ended with a contribution to the soundtrack of Louise Michel, a film by Beno\u00eet Del\u00e9pine and Gustave Kervern, and in December, at the Lavoir Museum in Paris, the group introduced an early version of Slowing Apocalypse, a production dedicated to British writer J. G. Ballard. Invited to major science fiction festivals Palo Alto played Slowing Apocalypse in 2009 in \u00c9pinal, then in Nantes, before an end-of-the-year performance at the Carr\u00e9 d\u2019Art in N\u00eemes.<\/p>\n<p><span style=\"text-decoration: underline;\"><strong>THE 2010s<\/strong><\/span><\/p>\n<p>At the start of 2010 Cinq faux nids, six faux nez, an album recorded in 2004 with the band D\u00e9ficit Des Ann\u00e9es Ant\u00e9rieures, was released on Le Cluricaun. Still in 2010 the Infrastition label celebrated Palo Alto\u2019s 20th anniversary by releasing an anthology titled Time Capsule: 1990\u20132010.<br \/> For its 2011 schedule, the Cube in Issy-les-Moulineaux commissioned a new work from Palo Alto. Given a free hand, the group chose to adapt Lewis Carroll\u2019s Hunting of the Snark. Jacques Barb\u00e9ri reprocessed the text, while J\u00e9r\u00f4me Lefdup shot a video of the eight \u2018fits\u2019 from the original poem. The first performance took place on May 26, 2011 at the Cube.<br \/> In 2012 Optical Sound released Objets noirs et choses carr\u00e9es. Conceived by one member of the group (Philippe Perreaudin), the album is a tribute to French singer Nino Ferrer, featuring 15 cover versions (\u00c9tienne Charry, Bernard Szajner, J. G. Thirlwell, etc.).<br \/> In 2013 the band\u2019s label joined Infrastition for a reissue of Pt\u00f4se\u2019s last two albums, The Swoop (1984) and Face de crabe (1986).<\/p>\n<p>[\/et_pb_text][et_pb_code _builder_version=&#8221;4.6.5&#8243; _module_preset=&#8221;default&#8221; locked=&#8221;off&#8221;]<script type=\"text\/javascript\" src=\"https:\/\/cdnjs.cloudflare.com\/ajax\/libs\/skrollr\/0.6.30\/skrollr.min.js\"><\/script><!-- [et_pb_line_break_holder] --><!-- [et_pb_line_break_holder] --><script><!-- [et_pb_line_break_holder] -->jQuery(function($){<!-- [et_pb_line_break_holder] -->$( \"#contenedor\" ).attr( \"data-0\", \"transform:translateX(0%)\" );<!-- [et_pb_line_break_holder] -->$( \"#contenedor\" ).attr( \"data-4000\", \"transform:translateX(-400%)\" );<!-- [et_pb_line_break_holder] -->});<!-- [et_pb_line_break_holder] --><\/script><!-- [et_pb_line_break_holder] --><!-- [et_pb_line_break_holder] --><script><!-- [et_pb_line_break_holder] -->(function($){<!-- [et_pb_line_break_holder] -->$(document).ready(function() {<!-- [et_pb_line_break_holder] -->skrollr.init();<!-- [et_pb_line_break_holder] -->if( \/Android|webOS|iPhone|iPad|iPod|BlackBerry|IEMobile|Opera Mini\/i.test(navigator.userAgent) ) {<!-- [et_pb_line_break_holder] -->skrollr.init().destroy();<!-- [et_pb_line_break_holder] -->}<!-- [et_pb_line_break_holder] -->});<!-- [et_pb_line_break_holder] -->})(jQuery)<!-- [et_pb_line_break_holder] --><\/script>[\/et_pb_code][\/et_pb_column][\/et_pb_row][et_pb_row column_structure=&#8221;1_2,1_2&#8243; use_custom_gutter=&#8221;on&#8221; make_equal=&#8221;on&#8221; admin_label=&#8221;Page 04&#8243; module_class=&#8221;fila&#8221; _builder_version=&#8221;4.6.5&#8243; _module_preset=&#8221;default&#8221; width=&#8221;100%&#8221; max_width=&#8221;100%&#8221; min_height=&#8221;90vh&#8221; height=&#8221;89vh&#8221; height_tablet=&#8221;&#8221; height_phone=&#8221;&#8221; height_last_edited=&#8221;on|desktop&#8221; max_height=&#8221;89vh&#8221; custom_padding=&#8221;0px||0px||true|true&#8221; background_last_edited=&#8221;on|desktop&#8221; collapsed=&#8221;off&#8221;][et_pb_column type=&#8221;1_2&#8243; _builder_version=&#8221;4.6.5&#8243; _module_preset=&#8221;default&#8221; background_enable_color=&#8221;off&#8221; background_image=&#8221;http:\/\/www.paloalto-frenchband.fr\/wp-content\/uploads\/2020\/11\/detail.jpg&#8221; custom_padding=&#8221;5%|5%|5%|5%|true|true&#8221;][\/et_pb_column][et_pb_column type=&#8221;1_2&#8243; _builder_version=&#8221;4.6.5&#8243; _module_preset=&#8221;default&#8221; custom_padding=&#8221;5%|5%|5%|5%|true|true&#8221;][et_pb_text _builder_version=&#8221;4.6.5&#8243; _module_preset=&#8221;default&#8221; text_font_size=&#8221;2vh&#8221; text_line_height=&#8221;120%&#8221; header_4_font_size=&#8221;2.5vh&#8221; header_4_line_height=&#8221;105%&#8221; background_color=&#8221;rgba(0,0,0,0)&#8221; custom_margin=&#8221;||||false|false&#8221; text_font_size_tablet=&#8221;2.4vw&#8221; text_font_size_phone=&#8221;1.2em&#8221; text_font_size_last_edited=&#8221;on|phone&#8221; header_4_font_size_tablet=&#8221;3.2vw&#8221; header_4_font_size_phone=&#8221;1.3em&#8221; header_4_font_size_last_edited=&#8221;on|tablet&#8221; locked=&#8221;off&#8221;]<\/p>\n<p>An unreleased live album recorded in 1983 and reserved to subscribers accompanied this release. On July 2 Palo Alto performed outdoors in Gardanne, a town in southern France.<br \/> In 2014 a book adaptation of the Hunting of the Snark show was published.<br \/> The year 2015 was devoted to composing and recording several tracks for compilations celebrating a series of 30th anniversaries: the creation of the La nuit des sauriens radio broadcast (Sens, France), the release of Asylum by the Legendary Pink Dots and of a Spanish cassette tape, Le d\u00e9fil\u00e9 des \u00e9paves. At the same time Philippe Perreaudin brought various musicians together to celebrate Half-Mute, the first Tuxedomoon album (Ralph Records, 1980). Palo Alto had the opportunity of recording a cover of Volo Vivace with Steven Brown on saxophone. All those projects came out in 2016.<br \/> In May 2016 La Volte published a new version of Jacques Barb\u00e9ri\u2019s Mondocane. The book came with a CD featuring the music that Palo Alto and Klimperei had recorded nine years earlier. On that occasion the album was completely remastered and three new songs were added. At the end of the year the group was back into the studio, working on their new opus, a split-album with Pt\u00f4se. The record, entitled Phantom Cosmonauts was released on the German label Psychofon Record in September 2017. In 2018, Palo Alto participates in a album designed by The Residents and has been working on a double LP project (a musical evocation of Gilles Deleuze) that should be out in 2020.<\/p>\n<p>(to be continueted\u2026)<\/p>\n<p>[\/et_pb_text][\/et_pb_column][\/et_pb_row][et_pb_row use_custom_gutter=&#8221;on&#8221; make_equal=&#8221;on&#8221; admin_label=&#8221;Page 04&#8243; module_class=&#8221;fila&#8221; _builder_version=&#8221;4.6.5&#8243; _module_preset=&#8221;default&#8221; width=&#8221;100%&#8221; max_width=&#8221;100%&#8221; min_height=&#8221;90vh&#8221; height=&#8221;89vh&#8221; height_tablet=&#8221;&#8221; height_phone=&#8221;&#8221; height_last_edited=&#8221;on|desktop&#8221; max_height=&#8221;89vh&#8221; custom_padding=&#8221;0px||0px||true|true&#8221; background_last_edited=&#8221;on|desktop&#8221; collapsed=&#8221;off&#8221;][et_pb_column type=&#8221;4_4&#8243; _builder_version=&#8221;4.6.5&#8243; _module_preset=&#8221;default&#8221; background_enable_color=&#8221;off&#8221; background_image=&#8221;http:\/\/www.paloalto-frenchband.fr\/wp-content\/uploads\/2023\/12\/nuages.jpg&#8221; custom_padding=&#8221;5%|5%|5%|5%|true|true&#8221;][\/et_pb_column][\/et_pb_row][\/et_pb_section]<\/p>\n","protected":false},"excerpt":{"rendered":"<p>[et_pb_section fb_built=&#8221;1&#8243; module_id=&#8221;contenedor&#8221; _builder_version=&#8221;4.6.5&#8243; _module_preset=&#8221;default&#8221; custom_padding=&#8221;0px||0px|||&#8221; locked=&#8221;off&#8221; collapsed=&#8221;off&#8221;][et_pb_row column_structure=&#8221;1_2,1_2&#8243; use_custom_gutter=&#8221;on&#8221; make_equal=&#8221;on&#8221; admin_label=&#8221;Page 01&#8243; module_class=&#8221;fila&#8221; _builder_version=&#8221;4.6.5&#8243; _module_preset=&#8221;default&#8221; width=&#8221;100%&#8221; max_width=&#8221;100%&#8221; min_height=&#8221;90vh&#8221; height=&#8221;89vh&#8221; height_tablet=&#8221;&#8221; height_phone=&#8221;&#8221; height_last_edited=&#8221;on|desktop&#8221; max_height=&#8221;89vh&#8221; custom_padding=&#8221;0px||0px||true|true&#8221; background_last_edited=&#8221;on|desktop&#8221; collapsed=&#8221;off&#8221;][et_pb_column type=&#8221;1_2&#8243; _builder_version=&#8221;4.6.5&#8243; _module_preset=&#8221;default&#8221; background_image=&#8221;http:\/\/www.paloalto-frenchband.fr\/wp-content\/uploads\/2020\/11\/PaloAlto-Photo2cLoeizaJacq.jpg&#8221; custom_padding=&#8221;0vh|0vh|0vh|0vh|false|false&#8221; custom_padding_tablet=&#8221;||58vh||false|true&#8221; custom_padding_phone=&#8221;||36vh||false|false&#8221; custom_padding_last_edited=&#8221;on|tablet&#8221; background_last_edited=&#8221;on|phone&#8221; background_image_tablet=&#8221;http:\/\/www.paloalto-frenchband.fr\/wp-content\/uploads\/2020\/11\/labelA.jpg&#8221; background_image_phone=&#8221;http:\/\/www.paloalto-frenchband.fr\/wp-content\/uploads\/2020\/11\/labelA.jpg&#8221; background_enable_image_tablet=&#8221;on&#8221; background_enable_image_phone=&#8221;on&#8221; parallax_tablet=&#8221;off&#8221; title_text_phone=&#8221;labelA&#8221; title_text_tablet=&#8221;labelA&#8221;][\/et_pb_column][et_pb_column type=&#8221;1_2&#8243; _builder_version=&#8221;4.6.5&#8243; _module_preset=&#8221;default&#8221; custom_padding=&#8221;5%|5%|5%|5%|true|true&#8221;][et_pb_text admin_label=&#8221;Bandeau&#8221; _builder_version=&#8221;4.6.5&#8243; _module_preset=&#8221;default&#8221; header_4_font_size=&#8221;2.4vh&#8221; header_4_line_height=&#8221;105%&#8221; header_6_font_size=&#8221;0.5vh&#8221; header_6_line_height=&#8221;100%&#8221; custom_margin=&#8221;||3vh||false|false&#8221; [&hellip;]<\/p>\n","protected":false},"author":1,"featured_media":0,"parent":0,"menu_order":0,"comment_status":"closed","ping_status":"closed","template":"","meta":{"_et_pb_use_builder":"on","_et_pb_old_content":"","_et_gb_content_width":""},"_links":{"self":[{"href":"https:\/\/www.paloalto-frenchband.fr\/index.php\/wp-json\/wp\/v2\/pages\/1792"}],"collection":[{"href":"https:\/\/www.paloalto-frenchband.fr\/index.php\/wp-json\/wp\/v2\/pages"}],"about":[{"href":"https:\/\/www.paloalto-frenchband.fr\/index.php\/wp-json\/wp\/v2\/types\/page"}],"author":[{"embeddable":true,"href":"https:\/\/www.paloalto-frenchband.fr\/index.php\/wp-json\/wp\/v2\/users\/1"}],"replies":[{"embeddable":true,"href":"https:\/\/www.paloalto-frenchband.fr\/index.php\/wp-json\/wp\/v2\/comments?post=1792"}],"version-history":[{"count":26,"href":"https:\/\/www.paloalto-frenchband.fr\/index.php\/wp-json\/wp\/v2\/pages\/1792\/revisions"}],"predecessor-version":[{"id":3110,"href":"https:\/\/www.paloalto-frenchband.fr\/index.php\/wp-json\/wp\/v2\/pages\/1792\/revisions\/3110"}],"wp:attachment":[{"href":"https:\/\/www.paloalto-frenchband.fr\/index.php\/wp-json\/wp\/v2\/media?parent=1792"}],"curies":[{"name":"wp","href":"https:\/\/api.w.org\/{rel}","templated":true}]}}